{"id":8,"date":"2016-12-02T22:20:27","date_gmt":"2016-12-02T22:20:27","guid":{"rendered":"http:\/\/iemarcotobon.edu.co\/web\/?page_id=8"},"modified":"2019-06-13T11:18:40","modified_gmt":"2019-06-13T11:18:40","slug":"mision","status":"publish","type":"page","link":"http:\/\/iemarcotobon.edu.co\/web\/teleologia\/mision\/","title":{"rendered":"Misi\u00f3n"},"content":{"rendered":"<p style=\"text-align: justify;\">La Marco Tob\u00f3n Mej\u00eda es una instituci\u00f3n educativa de car\u00e1cter oficial que brinda una formaci\u00f3n integral e inclusiva a ni\u00f1os, j\u00f3venes y adultos, desde el nivel preescolar hasta la media acad\u00e9mica. Busca formar en el estudiante la dignidad humana, el pensamiento cr\u00edtico, la autonom\u00eda y la sana convivencia, para el desarrollo de competencias art\u00edsticas, culturales, deportivas, cient\u00edfico-tecnol\u00f3gicas, mediante modelos curriculares flexibles, que aportan a la construcci\u00f3n permanente de ciudadanos con habilidades para la vida, comprometidos con la transformaci\u00f3n de la sociedad.<\/p>\n","protected":false},"excerpt":{"rendered":"<p>La Marco Tob\u00f3n Mej\u00eda es una instituci\u00f3n educativa de car\u00e1cter oficial que brinda una formaci\u00f3n integral e inclusiva a ni\u00f1os, j\u00f3venes y adultos, desde el nivel preescolar hasta la media acad\u00e9mica. Busca formar en el estudiante la dignidad humana, el pensamiento cr\u00edtico, la autonom\u00eda y la sana convivencia, para el desarrollo de competencias art\u00edsticas, culturales, [&hellip;]<\/p>\n","protected":false},"author":1,"featured_media":0,"parent":323,"menu_order":2,"comment_status":"closed","ping_status":"closed","template":"","meta":{"footnotes":""},"class_list":["post-8","page","type-page","status-publish","hentry"],"_links":{"self":[{"href":"http:\/\/iemarcotobon.edu.co\/web\/wp-json\/wp\/v2\/pages\/8","targetHints":{"allow":["GET"]}}],"collection":[{"href":"http:\/\/iemarcotobon.edu.co\/web\/wp-json\/wp\/v2\/pages"}],"about":[{"href":"http:\/\/iemarcotobon.edu.co\/web\/wp-json\/wp\/v2\/types\/page"}],"author":[{"embeddable":true,"href":"http:\/\/iemarcotobon.edu.co\/web\/wp-json\/wp\/v2\/users\/1"}],"replies":[{"embeddable":true,"href":"http:\/\/iemarcotobon.edu.co\/web\/wp-json\/wp\/v2\/comments?post=8"}],"version-history":[{"count":2,"href":"http:\/\/iemarcotobon.edu.co\/web\/wp-json\/wp\/v2\/pages\/8\/revisions"}],"predecessor-version":[{"id":1918,"href":"http:\/\/iemarcotobon.edu.co\/web\/wp-json\/wp\/v2\/pages\/8\/revisions\/1918"}],"up":[{"embeddable":true,"href":"http:\/\/iemarcotobon.edu.co\/web\/wp-json\/wp\/v2\/pages\/323"}],"wp:attachment":[{"href":"http:\/\/iemarcotobon.edu.co\/web\/wp-json\/wp\/v2\/media?parent=8"}],"curies":[{"name":"wp","href":"https:\/\/api.w.org\/{rel}","templated":true}]}}