{"id":1544,"date":"2018-09-12T18:40:57","date_gmt":"2018-09-12T18:40:57","guid":{"rendered":"http:\/\/iemarcotobon.edu.co\/web\/?page_id=1544"},"modified":"2018-09-12T18:44:30","modified_gmt":"2018-09-12T18:44:30","slug":"bachillerato-digital","status":"publish","type":"page","link":"https:\/\/iemarcotobon.edu.co\/web\/bachillerato-digital\/","title":{"rendered":"Bachillerato digital"},"content":{"rendered":"<p dir=\"ltr\" style=\"text-align: justify;\"><strong>\u00bfQu\u00e9 es?<\/strong><\/p>\n<p dir=\"ltr\" style=\"text-align: justify;\">Es una alternativa innovadora que pretende ampliar la cobertura de la educaci\u00f3n b\u00e1sica y media en Antioquia, mediante una plataforma digital que permite el acceso a toda la poblaci\u00f3n de una manera flexible y que se adapta a los contextos particulares.<\/p>\n<p dir=\"ltr\" style=\"text-align: justify;\">Surge de la necesidad de formar y titular a nuevos bachilleres en todos los municipios del departamento para eliminar la brecha educativa y de esta manera, garantizar su posterior acceso a la educaci\u00f3n superior e inclusi\u00f3n en la vida laboral.<\/p>\n<p dir=\"ltr\" style=\"text-align: justify;\"><strong>\u00bfQui\u00e9nes pueden participar?<\/strong><\/p>\n<p dir=\"ltr\" style=\"text-align: justify;\">Todos aquellos antioque\u00f1os mayores de 17 a\u00f1os que por diversas razones no han podido finalizar sus estudios de bachillerato y desean cursar los niveles b\u00e1sico y medio, de forma no presencial.<\/p>\n<p dir=\"ltr\" style=\"text-align: justify;\"><strong>\u00bfC\u00f3mo se lleva a cabo?<\/strong><\/p>\n<p dir=\"ltr\" style=\"text-align: justify;\">El Bachillerato Digital se realiza en cada municipio de Antioquia, mediante una plataforma dise\u00f1ada exclusivamente para este fin, que podr\u00e1 ser navegada desde un dispositivo port\u00e1til y que permite estudiar y realizar actividades de manera online desde cualquier espacio, urbano o rural.<\/p>\n<p dir=\"ltr\" style=\"text-align: justify;\">Como una manera de garantizar la participaci\u00f3n de todos los antioque\u00f1os, cada municipio contar\u00e1 \u00a0con una mesa de ayuda, tutores y con una zona wifi o punto de conexi\u00f3n a internet en la cual podr\u00e1n sincronizar el dispositivo m\u00f3vil y de esta forma, hacer el env\u00edo de sus actividades. Finalmente, las herramientas y ayudas disponibles en el territorio, colaboran en la la orientaci\u00f3n a los estudiantes del Bachillerato Digital sobre los temas de estudio y permiten un avance significativo en su proceso de aprendizaje.<\/p>\n<p style=\"text-align: justify;\">Informaci\u00f3n tomada de:\u00a0http:\/\/www.antioquiatic.edu.co\/que-es-bachillerato-digital<\/p>\n<p>&nbsp;<\/p>\n","protected":false},"excerpt":{"rendered":"<p>\u00bfQu\u00e9 es? Es una alternativa innovadora que pretende ampliar la cobertura de la educaci\u00f3n b\u00e1sica y media en Antioquia, mediante una plataforma digital que permite el acceso a toda la poblaci\u00f3n de una manera flexible y que se adapta a los contextos particulares. Surge de la necesidad de formar y titular a nuevos bachilleres en [&hellip;]<\/p>\n","protected":false},"author":2,"featured_media":0,"parent":0,"menu_order":0,"comment_status":"closed","ping_status":"closed","template":"","meta":{"footnotes":""},"class_list":["post-1544","page","type-page","status-publish","hentry"],"_links":{"self":[{"href":"https:\/\/iemarcotobon.edu.co\/web\/wp-json\/wp\/v2\/pages\/1544","targetHints":{"allow":["GET"]}}],"collection":[{"href":"https:\/\/iemarcotobon.edu.co\/web\/wp-json\/wp\/v2\/pages"}],"about":[{"href":"https:\/\/iemarcotobon.edu.co\/web\/wp-json\/wp\/v2\/types\/page"}],"author":[{"embeddable":true,"href":"https:\/\/iemarcotobon.edu.co\/web\/wp-json\/wp\/v2\/users\/2"}],"replies":[{"embeddable":true,"href":"https:\/\/iemarcotobon.edu.co\/web\/wp-json\/wp\/v2\/comments?post=1544"}],"version-history":[{"count":1,"href":"https:\/\/iemarcotobon.edu.co\/web\/wp-json\/wp\/v2\/pages\/1544\/revisions"}],"predecessor-version":[{"id":1545,"href":"https:\/\/iemarcotobon.edu.co\/web\/wp-json\/wp\/v2\/pages\/1544\/revisions\/1545"}],"wp:attachment":[{"href":"https:\/\/iemarcotobon.edu.co\/web\/wp-json\/wp\/v2\/media?parent=1544"}],"curies":[{"name":"wp","href":"https:\/\/api.w.org\/{rel}","templated":true}]}}