{"id":4895,"date":"2024-01-29T17:45:11","date_gmt":"2024-01-29T17:45:11","guid":{"rendered":"https:\/\/iemarcotobon.edu.co\/web\/?page_id=4895"},"modified":"2024-02-06T12:45:22","modified_gmt":"2024-02-06T12:45:22","slug":"licitaciones","status":"publish","type":"page","link":"https:\/\/iemarcotobon.edu.co\/web\/licitaciones\/","title":{"rendered":"Licitaciones"},"content":{"rendered":"<p>En este espacio se publican licitaciones, invitaciones p\u00fablicas y dem\u00e1s documentos relacionados, para hacer part\u00edciles del buen desarrollo de los procesos de nuestra Instituci\u00f3n Educativa.<\/p>\n<p><div class='w3eden'><!-- WPDM Link Template: Default Template -->\n\n<div class=\"link-template-default card mb-2\">\n    <div class=\"card-body\">\n        <div class=\"media\">\n            <div class=\"mr-3 img-48\"><img decoding=\"async\" class=\"wpdm_icon\" alt=\"Icono\" src=\"https:\/\/iemarcotobon.edu.co\/web\/wp-content\/plugins\/download-manager\/assets\/file-type-icons\/pdf.svg\" \/><\/div>\n            <div class=\"media-body\">\n                <h3 class=\"package-title\"><a href='https:\/\/iemarcotobon.edu.co\/web\/download\/acta-de-cierre-de-la-concesion-de-la-tienda-escolar-2024\/'>Acta de cierre de la concesi\u00f3n de la tienda escolar  2024<\/a><\/h3>\n                <div class=\"text-muted text-small\"><i class=\"fas fa-copy\"><\/i> 1 archivo(s) <i class=\"fas fa-hdd ml-3\"><\/i> 314.69 KB<\/div>\n            <\/div>\n            <div class=\"ml-3\">\n                <a class='wpdm-download-link download-on-click btn btn-success ' rel='nofollow' href='#' data-downloadurl=\"https:\/\/iemarcotobon.edu.co\/web\/download\/acta-de-cierre-de-la-concesion-de-la-tienda-escolar-2024\/?wpdmdl=4910&refresh=69f26a7eeb13a1777494654\">Descargar<\/a>\n            <\/div>\n        <\/div>\n    <\/div>\n<\/div>\n\n<\/div><br \/>\n<div class='w3eden'><!-- WPDM Link Template: Default Template -->\n\n<div class=\"link-template-default card mb-2\">\n    <div class=\"card-body\">\n        <div class=\"media\">\n            <div class=\"mr-3 img-48\"><img decoding=\"async\" class=\"wpdm_icon\" alt=\"Icono\" src=\"https:\/\/iemarcotobon.edu.co\/web\/wp-content\/plugins\/download-manager\/assets\/file-type-icons\/pdf.svg\" \/><\/div>\n            <div class=\"media-body\">\n                <h3 class=\"package-title\"><a href='https:\/\/iemarcotobon.edu.co\/web\/download\/informe-de-evaluacion-de-la-concesion-tienda-escolar-marco-tobon-2024\/'>Informe de evaluaci\u00f3n de la concesi\u00f3n tienda escolar Marco Tob\u00f3n 2024<\/a><\/h3>\n                <div class=\"text-muted text-small\"><i class=\"fas fa-copy\"><\/i> 1 archivo(s) <i class=\"fas fa-hdd ml-3\"><\/i> 290.87 KB<\/div>\n            <\/div>\n            <div class=\"ml-3\">\n                <a class='wpdm-download-link download-on-click btn btn-success ' rel='nofollow' href='#' data-downloadurl=\"https:\/\/iemarcotobon.edu.co\/web\/download\/informe-de-evaluacion-de-la-concesion-tienda-escolar-marco-tobon-2024\/?wpdmdl=4911&refresh=69f26a7eee24b1777494654\">Descargar<\/a>\n            <\/div>\n        <\/div>\n    <\/div>\n<\/div>\n\n<\/div><br \/>\n<div class='w3eden'><!-- WPDM Link Template: Default Template -->\n\n<div class=\"link-template-default card mb-2\">\n    <div class=\"card-body\">\n        <div class=\"media\">\n            <div class=\"mr-3 img-48\"><img decoding=\"async\" class=\"wpdm_icon\" alt=\"Icono\" src=\"https:\/\/iemarcotobon.edu.co\/web\/wp-content\/plugins\/download-manager\/assets\/file-type-icons\/pdf.svg\" \/><\/div>\n            <div class=\"media-body\">\n                <h3 class=\"package-title\"><a href='https:\/\/iemarcotobon.edu.co\/web\/download\/resolucion-rectoral-02-de-01-02-2024\/'>Resoluci\u00f3n rectoral 02 DE 01-02-2024<\/a><\/h3>\n                <div class=\"text-muted text-small\"><i class=\"fas fa-copy\"><\/i> 1 archivo(s) <i class=\"fas fa-hdd ml-3\"><\/i> 275.80 KB<\/div>\n            <\/div>\n            <div class=\"ml-3\">\n                <a class='wpdm-download-link download-on-click btn btn-success ' rel='nofollow' href='#' data-downloadurl=\"https:\/\/iemarcotobon.edu.co\/web\/download\/resolucion-rectoral-02-de-01-02-2024\/?wpdmdl=4912&refresh=69f26a7ef09811777494654\">Descargar<\/a>\n            <\/div>\n        <\/div>\n    <\/div>\n<\/div>\n\n<\/div><\/p>\n","protected":false},"excerpt":{"rendered":"<p>En este espacio se publican licitaciones, invitaciones p\u00fablicas y dem\u00e1s documentos relacionados, para hacer part\u00edciles del buen desarrollo de los procesos de nuestra Instituci\u00f3n Educativa.<\/p>\n","protected":false},"author":2,"featured_media":0,"parent":0,"menu_order":0,"comment_status":"closed","ping_status":"closed","template":"","meta":{"footnotes":""},"class_list":["post-4895","page","type-page","status-publish","hentry"],"_links":{"self":[{"href":"https:\/\/iemarcotobon.edu.co\/web\/wp-json\/wp\/v2\/pages\/4895","targetHints":{"allow":["GET"]}}],"collection":[{"href":"https:\/\/iemarcotobon.edu.co\/web\/wp-json\/wp\/v2\/pages"}],"about":[{"href":"https:\/\/iemarcotobon.edu.co\/web\/wp-json\/wp\/v2\/types\/page"}],"author":[{"embeddable":true,"href":"https:\/\/iemarcotobon.edu.co\/web\/wp-json\/wp\/v2\/users\/2"}],"replies":[{"embeddable":true,"href":"https:\/\/iemarcotobon.edu.co\/web\/wp-json\/wp\/v2\/comments?post=4895"}],"version-history":[{"count":3,"href":"https:\/\/iemarcotobon.edu.co\/web\/wp-json\/wp\/v2\/pages\/4895\/revisions"}],"predecessor-version":[{"id":4914,"href":"https:\/\/iemarcotobon.edu.co\/web\/wp-json\/wp\/v2\/pages\/4895\/revisions\/4914"}],"wp:attachment":[{"href":"https:\/\/iemarcotobon.edu.co\/web\/wp-json\/wp\/v2\/media?parent=4895"}],"curies":[{"name":"wp","href":"https:\/\/api.w.org\/{rel}","templated":true}]}}