{"id":67,"date":"2017-01-24T16:14:13","date_gmt":"2017-01-24T16:14:13","guid":{"rendered":"http:\/\/iemarcotobon.edu.co\/web\/?page_id=67"},"modified":"2020-04-29T16:27:15","modified_gmt":"2020-04-29T16:27:15","slug":"orientacion-escolar","status":"publish","type":"page","link":"https:\/\/iemarcotobon.edu.co\/web\/orientacion-escolar\/","title":{"rendered":"Orientaci\u00f3n escolar"},"content":{"rendered":"<p style=\"text-align: justify;\"><img loading=\"lazy\" decoding=\"async\" class=\"size-full wp-image-79 alignleft\" src=\"http:\/\/iemarcotobon.edu.co\/web\/wp-content\/uploads\/2017\/01\/IMG-20170125-WA0009.jpg\" alt=\"\" width=\"160\" height=\"160\" srcset=\"https:\/\/iemarcotobon.edu.co\/web\/wp-content\/uploads\/2017\/01\/IMG-20170125-WA0009.jpg 160w, https:\/\/iemarcotobon.edu.co\/web\/wp-content\/uploads\/2017\/01\/IMG-20170125-WA0009-150x150.jpg 150w\" sizes=\"auto, (max-width: 160px) 100vw, 160px\" \/>El espacio de Orientaci\u00f3n Escolar en la Instituci\u00f3n Educativa Marco Tob\u00f3n Mej\u00eda en la actualidad se encuentra a cargo de HECTOR ARLEY MEJIA GIL, quien se encuentra vinculado desde el a\u00f1o 2011. Cuenta con varias funciones relacionadas con toda la Comunidad Educativa, algunas de ellas van encaminadas a la Orientaci\u00f3n de estudiantes, padres de familia y docentes, relacionadas con el bienestar emocional, afectivo y comportamental, a trav\u00e9s de estrategias de Promoci\u00f3n, Prevenci\u00f3n y Atenci\u00f3n en los casos que se requieran. Se desarrollan actividades espec\u00edficas de Orientaci\u00f3n Vocacional, Proyecto de Vida, Escuela de Padres, mejoramiento de la Convivencia y el clima escolar. Igualmente el acompa\u00f1amiento en la Planeaci\u00f3n, ejecuci\u00f3n y evaluaci\u00f3n Institucional a los procesos Misionales y a todos los proyectos articulados desde el PEI de la Instituci\u00f3n.<\/p>\n<p>&nbsp;<\/p>\n<p>Sitio web: <a href=\"http:\/\/docenteorientadorescolar.blogspot.com\/\">http:\/\/docenteorientadorescolar.blogspot.com\/<\/a><\/p>\n<h3><strong>Programas orientados desde esta oficina:<\/strong><\/h3>\n<p>Convenios con Universidades para pr\u00e1cticas: Universidad Cooperativa de Colombia, Fundaci\u00f3n Universitaria Cat\u00f3lica del Norte, Universidad san Buenaventura.<div class='w3eden'><!-- WPDM Link Template: Default Template -->\n\n<div class=\"link-template-default card mb-2\">\n    <div class=\"card-body\">\n        <div class=\"media\">\n            <div class=\"mr-3 img-48\"><img decoding=\"async\" class=\"wpdm_icon\" alt=\"Icono\" src=\"https:\/\/iemarcotobon.edu.co\/web\/wp-content\/plugins\/download-manager\/assets\/file-type-icons\/pdf.svg\" \/><\/div>\n            <div class=\"media-body\">\n                <h3 class=\"package-title\"><a href='https:\/\/iemarcotobon.edu.co\/web\/download\/acompanamiento-familiar-institucional-enero-2017\/'>Acompa\u00f1amiento Familiar Institucional Enero 2017<\/a><\/h3>\n                <div class=\"text-muted text-small\"><i class=\"fas fa-copy\"><\/i> 1 archivo(s) <i class=\"fas fa-hdd ml-3\"><\/i> 495.48 KB<\/div>\n            <\/div>\n            <div class=\"ml-3\">\n                <a class='wpdm-download-link download-on-click btn btn-success ' rel='nofollow' href='#' data-downloadurl=\"https:\/\/iemarcotobon.edu.co\/web\/download\/acompanamiento-familiar-institucional-enero-2017\/?wpdmdl=270&refresh=69f5ccdbc41b71777716443\">Descargar<\/a>\n            <\/div>\n        <\/div>\n    <\/div>\n<\/div>\n\n<\/div><br \/>\n<div class='w3eden'><!-- WPDM Link Template: Default Template -->\n\n<div class=\"link-template-default card mb-2\">\n    <div class=\"card-body\">\n        <div class=\"media\">\n            <div class=\"mr-3 img-48\"><img decoding=\"async\" class=\"wpdm_icon\" alt=\"Icono\" src=\"https:\/\/iemarcotobon.edu.co\/web\/wp-content\/plugins\/download-manager\/assets\/file-type-icons\/pdf.svg\" \/><\/div>\n            <div class=\"media-body\">\n                <h3 class=\"package-title\"><a href='https:\/\/iemarcotobon.edu.co\/web\/download\/actividades-de-promocion-13-17-febrero\/'>Actividades de promoci\u00f3n 13 - 17 Febrero<\/a><\/h3>\n                <div class=\"text-muted text-small\"><i class=\"fas fa-copy\"><\/i> 1 archivo(s) <i class=\"fas fa-hdd ml-3\"><\/i> 290.51 KB<\/div>\n            <\/div>\n            <div class=\"ml-3\">\n                <a class='wpdm-download-link download-on-click btn btn-success ' rel='nofollow' href='#' data-downloadurl=\"https:\/\/iemarcotobon.edu.co\/web\/download\/actividades-de-promocion-13-17-febrero\/?wpdmdl=271&refresh=69f5ccdbc904d1777716443\">Descargar<\/a>\n            <\/div>\n        <\/div>\n    <\/div>\n<\/div>\n\n<\/div><br \/>\n<div class='w3eden'><!-- WPDM Link Template: Default Template -->\n\n<div class=\"link-template-default card mb-2\">\n    <div class=\"card-body\">\n        <div class=\"media\">\n            <div class=\"mr-3 img-48\"><img decoding=\"async\" class=\"wpdm_icon\" alt=\"Icono\" src=\"https:\/\/iemarcotobon.edu.co\/web\/wp-content\/plugins\/download-manager\/assets\/file-type-icons\/pdf.svg\" \/><\/div>\n            <div class=\"media-body\">\n                <h3 class=\"package-title\"><a href='https:\/\/iemarcotobon.edu.co\/web\/download\/proyecto-orientacion-vocacional\/'>Proyecto orientaci\u00f3n vocacional<\/a><\/h3>\n                <div class=\"text-muted text-small\"><i class=\"fas fa-copy\"><\/i> 1 archivo(s) <i class=\"fas fa-hdd ml-3\"><\/i> 345.40 KB<\/div>\n            <\/div>\n            <div class=\"ml-3\">\n                <a class='wpdm-download-link download-on-click btn btn-success ' rel='nofollow' href='#' data-downloadurl=\"https:\/\/iemarcotobon.edu.co\/web\/download\/proyecto-orientacion-vocacional\/?wpdmdl=317&refresh=69f5ccdbcbaaa1777716443\">Descargar<\/a>\n            <\/div>\n        <\/div>\n    <\/div>\n<\/div>\n\n<\/div><br \/>\n<div class='w3eden'><!-- WPDM Link Template: Default Template -->\n\n<div class=\"link-template-default card mb-2\">\n    <div class=\"card-body\">\n        <div class=\"media\">\n            <div class=\"mr-3 img-48\"><img decoding=\"async\" class=\"wpdm_icon\" alt=\"Icono\" src=\"https:\/\/iemarcotobon.edu.co\/web\/wp-content\/plugins\/download-manager\/assets\/file-type-icons\/pdf.svg\" \/><\/div>\n            <div class=\"media-body\">\n                <h3 class=\"package-title\"><a href='https:\/\/iemarcotobon.edu.co\/web\/download\/cronograma-practicante-psicologia-2017\/'>Cronograma practicante psicolog\u00eda 2017<\/a><\/h3>\n                <div class=\"text-muted text-small\"><i class=\"fas fa-copy\"><\/i> 1 archivo(s) <i class=\"fas fa-hdd ml-3\"><\/i> 189.87 KB<\/div>\n            <\/div>\n            <div class=\"ml-3\">\n                <a class='wpdm-download-link download-on-click btn btn-success ' rel='nofollow' href='#' data-downloadurl=\"https:\/\/iemarcotobon.edu.co\/web\/download\/cronograma-practicante-psicologia-2017\/?wpdmdl=377&refresh=69f5ccdbcdde91777716443\">Descargar<\/a>\n            <\/div>\n        <\/div>\n    <\/div>\n<\/div>\n\n<\/div><br \/>\n<div class='w3eden'><!-- WPDM Link Template: Default Template -->\n\n<div class=\"link-template-default card mb-2\">\n    <div class=\"card-body\">\n        <div class=\"media\">\n            <div class=\"mr-3 img-48\"><img decoding=\"async\" class=\"wpdm_icon\" alt=\"Icono\" src=\"https:\/\/iemarcotobon.edu.co\/web\/wp-content\/plugins\/download-manager\/assets\/file-type-icons\/pdf.svg\" \/><\/div>\n            <div class=\"media-body\">\n                <h3 class=\"package-title\"><a href='https:\/\/iemarcotobon.edu.co\/web\/download\/campana-institucional-2017-yo-decido-mi-futuro\/'>Campa\u00f1a institucional 2017 Yo decido mi futuro<\/a><\/h3>\n                <div class=\"text-muted text-small\"><i class=\"fas fa-copy\"><\/i> 1 archivo(s) <i class=\"fas fa-hdd ml-3\"><\/i> 1.56 MB<\/div>\n            <\/div>\n            <div class=\"ml-3\">\n                <a class='wpdm-download-link download-on-click btn btn-success ' rel='nofollow' href='#' data-downloadurl=\"https:\/\/iemarcotobon.edu.co\/web\/download\/campana-institucional-2017-yo-decido-mi-futuro\/?wpdmdl=505&refresh=69f5ccdbd02f71777716443\">Descargar<\/a>\n            <\/div>\n        <\/div>\n    <\/div>\n<\/div>\n\n<\/div><br \/>\n<div class='w3eden'><!-- WPDM Link Template: Default Template -->\n\n<div class=\"link-template-default card mb-2\">\n    <div class=\"card-body\">\n        <div class=\"media\">\n            <div class=\"mr-3 img-48\"><img decoding=\"async\" class=\"wpdm_icon\" alt=\"Icono\" src=\"https:\/\/iemarcotobon.edu.co\/web\/wp-content\/plugins\/download-manager\/assets\/file-type-icons\/pdf.svg\" \/><\/div>\n            <div class=\"media-body\">\n                <h3 class=\"package-title\"><a href='https:\/\/iemarcotobon.edu.co\/web\/download\/proyecto-escuela-de-padres-de-familia\/'>Proyecto Escuela de Padres de Familia<\/a><\/h3>\n                <div class=\"text-muted text-small\"><i class=\"fas fa-copy\"><\/i> 1 archivo(s) <i class=\"fas fa-hdd ml-3\"><\/i> 453.22 KB<\/div>\n            <\/div>\n            <div class=\"ml-3\">\n                <a class='wpdm-download-link download-on-click btn btn-success ' rel='nofollow' href='#' data-downloadurl=\"https:\/\/iemarcotobon.edu.co\/web\/download\/proyecto-escuela-de-padres-de-familia\/?wpdmdl=509&refresh=69f5ccdbd27501777716443\">Descargar<\/a>\n            <\/div>\n        <\/div>\n    <\/div>\n<\/div>\n\n<\/div><\/p>\n<p>&nbsp;<\/p>\n<p>Iconos de:\u00a0https:\/\/www.iconfinder.com\/<\/p>\n<p>&nbsp;<\/p>\n<p>&nbsp;<\/p>\n","protected":false},"excerpt":{"rendered":"<p>El espacio de Orientaci\u00f3n Escolar en la Instituci\u00f3n Educativa Marco Tob\u00f3n Mej\u00eda en la actualidad se encuentra a cargo de HECTOR ARLEY MEJIA GIL, quien se encuentra vinculado desde el a\u00f1o 2011. Cuenta con varias funciones relacionadas con toda la Comunidad Educativa, algunas de ellas van encaminadas a la Orientaci\u00f3n de estudiantes, padres de familia [&hellip;]<\/p>\n","protected":false},"author":1,"featured_media":0,"parent":0,"menu_order":0,"comment_status":"closed","ping_status":"closed","template":"","meta":{"footnotes":""},"class_list":["post-67","page","type-page","status-publish","hentry"],"_links":{"self":[{"href":"https:\/\/iemarcotobon.edu.co\/web\/wp-json\/wp\/v2\/pages\/67","targetHints":{"allow":["GET"]}}],"collection":[{"href":"https:\/\/iemarcotobon.edu.co\/web\/wp-json\/wp\/v2\/pages"}],"about":[{"href":"https:\/\/iemarcotobon.edu.co\/web\/wp-json\/wp\/v2\/types\/page"}],"author":[{"embeddable":true,"href":"https:\/\/iemarcotobon.edu.co\/web\/wp-json\/wp\/v2\/users\/1"}],"replies":[{"embeddable":true,"href":"https:\/\/iemarcotobon.edu.co\/web\/wp-json\/wp\/v2\/comments?post=67"}],"version-history":[{"count":20,"href":"https:\/\/iemarcotobon.edu.co\/web\/wp-json\/wp\/v2\/pages\/67\/revisions"}],"predecessor-version":[{"id":2486,"href":"https:\/\/iemarcotobon.edu.co\/web\/wp-json\/wp\/v2\/pages\/67\/revisions\/2486"}],"wp:attachment":[{"href":"https:\/\/iemarcotobon.edu.co\/web\/wp-json\/wp\/v2\/media?parent=67"}],"curies":[{"name":"wp","href":"https:\/\/api.w.org\/{rel}","templated":true}]}}